{"id":2058,"date":"2022-02-28T21:55:19","date_gmt":"2022-02-28T21:55:19","guid":{"rendered":"https:\/\/restorenyc.org\/?page_id=2058"},"modified":"2026-03-31T18:39:12","modified_gmt":"2026-03-31T18:39:12","slug":"nyc-marathon","status":"publish","type":"page","link":"https:\/\/restorenyc.org\/es\/get-involved\/nyc-marathon\/","title":{"rendered":"Marat\u00f3n de Nueva York"},"content":{"rendered":"[et_pb_section fb_built=&#8221;1&#8243; admin_label=&#8221;Section&#8221; _builder_version=&#8221;4.16&#8243; _module_preset=&#8221;default&#8221; background_enable_image=&#8221;off&#8221; custom_padding=&#8221;0px||0px||false|false&#8221; da_disable_devices=&#8221;off|off|off&#8221; global_colors_info=&#8221;{}&#8221; da_is_popup=&#8221;off&#8221; da_exit_intent=&#8221;off&#8221; da_has_close=&#8221;on&#8221; da_alt_close=&#8221;off&#8221; da_dark_close=&#8221;off&#8221; da_not_modal=&#8221;on&#8221; da_is_singular=&#8221;off&#8221; da_with_loader=&#8221;off&#8221; da_has_shadow=&#8221;on&#8221;][et_pb_row column_structure=&#8221;1_2,1_2&#8243; use_custom_gutter=&#8221;on&#8221; gutter_width=&#8221;1&#8243; make_equal=&#8221;on&#8221; _builder_version=&#8221;4.16&#8243; _module_preset=&#8221;default&#8221; width=&#8221;100%&#8221; max_width=&#8221;2560px&#8221; custom_padding=&#8221;0px||0px||false|false&#8221; global_colors_info=&#8221;{}&#8221;][et_pb_column type=&#8221;1_2&#8243; _builder_version=&#8221;4.16&#8243; _module_preset=&#8221;default&#8221; background_color=&#8221;#FFFFFF&#8221; custom_padding=&#8221;10vw|6vw|6vw|6vw|false|true&#8221; custom_padding_tablet=&#8221;8vw|6vw|8vw|6vw|true|true&#8221; custom_padding_phone=&#8221;60px|25px|60px|25px|true|true&#8221; custom_padding_last_edited=&#8221;on|phone&#8221; global_colors_info=&#8221;{}&#8221;][et_pb_text _builder_version=&#8221;4.16&#8243; _module_preset=&#8221;default&#8221; header_font_size=&#8221;4vw&#8221; header_line_height=&#8221;1.2em&#8221; max_width=&#8221;600px&#8221; header_font_size_tablet=&#8221;44px&#8221; header_font_size_phone=&#8221;28px&#8221; header_font_size_last_edited=&#8221;on|phone&#8221; global_colors_info=&#8221;{}&#8221;]\n<h1>Team Restore<\/h1>\n[\/et_pb_text][et_pb_text _builder_version=&#8221;4.27.0&#8243; _module_preset=&#8221;default&#8221; text_text_color=&#8221;#000000&#8243; text_font_size=&#8221;19px&#8221; text_line_height=&#8221;1.5em&#8221; max_width=&#8221;450px&#8221; custom_padding=&#8221;20px||||false|false&#8221; text_font_size_tablet=&#8221;19px&#8221; text_font_size_phone=&#8221;17px&#8221; text_font_size_last_edited=&#8221;on|phone&#8221; global_colors_info=&#8221;{}&#8221;]\n<p><span>Somos un grupo de corredores dedicados y comprometidos a apoyar a los sobrevivientes de la trata. \u00danase a nosotros mientras #RuntoRestore en el <\/span><a href=\"https:\/\/restoremarathon2024.funraise.org\/\"><strong>2026 TCS New York City Marathon<\/strong><\/a><span> para recaudar fondos y crear conciencia sobre los sobrevivientes a los que sirve Restore NYC.<\/span><\/p>\n<p><span><\/span><\/p>\n<p><span><\/span><\/p>\n[\/et_pb_text][et_pb_button button_url=&#8221;https:\/\/docs.google.com\/forms\/d\/e\/1FAIpQLSeEvAcSHd5ZMUEWMmpX-sxyIrtModynzTMgKbFqBh1b3mJXOQ\/viewform&#8221; button_text=&#8221;Apply Here!&#8221; _builder_version=&#8221;4.27.4&#8243; _module_preset=&#8221;default&#8221; custom_button=&#8221;on&#8221; button_text_color=&#8221;#FFFFFF&#8221; button_bg_color=&#8221;#ed322e&#8221; button_border_radius=&#8221;11px&#8221; hover_enabled=&#8221;0&#8243; global_colors_info=&#8221;{}&#8221; sticky_enabled=&#8221;0&#8243;][\/et_pb_button][\/et_pb_column][et_pb_column type=&#8221;1_2&#8243; _builder_version=&#8221;4.16&#8243; _module_preset=&#8221;default&#8221; background_enable_color=&#8221;off&#8221; background_image=&#8221;https:\/\/restorenyc.org\/wp-content\/uploads\/2022\/02\/IMG_5944-scaled-e1646085635731.jpg&#8221; background_position=&#8221;top_center&#8221; global_colors_info=&#8221;{}&#8221;][et_pb_divider show_divider=&#8221;off&#8221; _builder_version=&#8221;4.16&#8243; _module_preset=&#8221;default&#8221; height=&#8221;90vh&#8221; height_tablet=&#8221;90vh&#8221; height_phone=&#8221;500px&#8221; height_last_edited=&#8221;on|phone&#8221; global_colors_info=&#8221;{}&#8221;][\/et_pb_divider][\/et_pb_column][\/et_pb_row][\/et_pb_section][et_pb_section fb_built=&#8221;1&#8243; admin_label=&#8221;Section&#8221; _builder_version=&#8221;4.16&#8243; _module_preset=&#8221;default&#8221; background_color=&#8221;#fdf1f2&#8243; custom_padding=&#8221;60px||60px|||&#8221; da_disable_devices=&#8221;off|off|off&#8221; global_colors_info=&#8221;{}&#8221; da_is_popup=&#8221;off&#8221; da_exit_intent=&#8221;off&#8221; da_has_close=&#8221;on&#8221; da_alt_close=&#8221;off&#8221; da_dark_close=&#8221;off&#8221; da_not_modal=&#8221;on&#8221; da_is_singular=&#8221;off&#8221; da_with_loader=&#8221;off&#8221; da_has_shadow=&#8221;on&#8221;][et_pb_row column_structure=&#8221;2_5,3_5&#8243; use_custom_gutter=&#8221;on&#8221; gutter_width=&#8221;2&#8243; _builder_version=&#8221;4.16&#8243; _module_preset=&#8221;default&#8221; max_width=&#8221;1100px&#8221; global_colors_info=&#8221;{}&#8221;][et_pb_column type=&#8221;2_5&#8243; _builder_version=&#8221;4.16&#8243; _module_preset=&#8221;default&#8221; global_colors_info=&#8221;{}&#8221;][et_pb_image src=&#8221;https:\/\/restorenyc.org\/wp-content\/uploads\/2022\/02\/IMG_7239-scaled.jpg&#8221; title_text=&#8221;IMG_7239&#8243; _builder_version=&#8221;4.16&#8243; _module_preset=&#8221;default&#8221; global_colors_info=&#8221;{}&#8221;][\/et_pb_image][\/et_pb_column][et_pb_column type=&#8221;3_5&#8243; _builder_version=&#8221;4.16&#8243; _module_preset=&#8221;default&#8221; custom_padding=&#8221;|||4vw|false|false&#8221; custom_padding_tablet=&#8221;|||4vw|false|false&#8221; custom_padding_phone=&#8221;|||0vw|false|false&#8221; custom_padding_last_edited=&#8221;on|phone&#8221; global_colors_info=&#8221;{}&#8221;][et_pb_text _builder_version=&#8221;4.16&#8243; _module_preset=&#8221;default&#8221; header_2_text_align=&#8221;left&#8221; header_2_font_size=&#8221;42px&#8221; header_2_letter_spacing=&#8221;-1.5px&#8221; header_2_line_height=&#8221;1.2em&#8221; max_width=&#8221;500px&#8221; custom_margin=&#8221;||0px||false|false&#8221; custom_padding=&#8221;25px||0px||false|false&#8221; header_2_text_align_tablet=&#8221;right&#8221; header_2_text_align_phone=&#8221;center&#8221; header_2_text_align_last_edited=&#8221;off|desktop&#8221; header_2_font_size_tablet=&#8221;42px&#8221; header_2_font_size_phone=&#8221;30px&#8221; header_2_font_size_last_edited=&#8221;on|phone&#8221; global_colors_info=&#8221;{}&#8221;]\n<h2><span>\u00bfEs esta la oportunidad adecuada para usted?<\/span><\/h2>\n[\/et_pb_text][et_pb_text _builder_version=&#8221;4.24.0&#8243; _module_preset=&#8221;default&#8221; text_text_color=&#8221;#000000&#8243; text_font_size=&#8221;19px&#8221; text_line_height=&#8221;1.5em&#8221; max_width=&#8221;500px&#8221; custom_padding=&#8221;20px||||false|false&#8221; text_font_size_tablet=&#8221;19px&#8221; text_font_size_phone=&#8221;17px&#8221; text_font_size_last_edited=&#8221;on|phone&#8221; global_colors_info=&#8221;{}&#8221;]\n<p><span>1. By running with us as your Official Charity Partner, you are committing to raising a minimum of $5,000.<\/span><\/p>\n<p><span>2. Le configuraremos su propia plataforma de recaudaci\u00f3n de fondos personalizable donde sus donantes podr\u00e1n donar directamente a Restore. Restore lo apoya durante todo el proceso de recaudaci\u00f3n de fondos con consejos \u00fatiles, gr\u00e1ficos sociales para compartir y m\u00e1s informaci\u00f3n sobre nuestra misi\u00f3n.<\/span><\/p>\n<p><span>3. Como miembro del Team Restore, obtendr\u00e1 una camiseta de running de Restore, as\u00ed como una invitaci\u00f3n a una cena de pasta en equipo antes de la carrera.<\/span><\/p>\n[\/et_pb_text][\/et_pb_column][\/et_pb_row][\/et_pb_section][et_pb_section fb_built=&#8221;1&#8243; admin_label=&#8221;Section&#8221; module_id=&#8221;application&#8221; _builder_version=&#8221;4.27.4&#8243; _module_preset=&#8221;default&#8221; background_enable_image=&#8221;off&#8221; custom_margin=&#8221;||||false|false&#8221; custom_padding=&#8221;46px||80px||false|false&#8221; hover_enabled=&#8221;0&#8243; da_popup_slug=&#8221;application&#8221; da_disable_devices=&#8221;off|off|off&#8221; global_colors_info=&#8221;{}&#8221; disabled_on=&#8221;on|on|on&#8221; disabled=&#8221;on&#8221; sticky_enabled=&#8221;0&#8243; da_is_popup=&#8221;off&#8221; da_exit_intent=&#8221;off&#8221; da_has_close=&#8221;on&#8221; da_alt_close=&#8221;off&#8221; da_dark_close=&#8221;off&#8221; da_not_modal=&#8221;on&#8221; da_is_singular=&#8221;off&#8221; da_with_loader=&#8221;off&#8221; da_has_shadow=&#8221;on&#8221;][et_pb_row _builder_version=&#8221;4.16&#8243; _module_preset=&#8221;default&#8221; custom_padding=&#8221;0px||0px||false|false&#8221; global_colors_info=&#8221;{}&#8221;][et_pb_column type=&#8221;4_4&#8243; _builder_version=&#8221;4.16&#8243; _module_preset=&#8221;default&#8221; background_color=&#8221;#FFFFFF&#8221; custom_padding=&#8221;5vw||||false|false&#8221; custom_padding_tablet=&#8221;8vw|6vw|8vw|6vw|true|true&#8221; custom_padding_phone=&#8221;60px|25px|60px|25px|true|true&#8221; custom_padding_last_edited=&#8221;off|desktop&#8221; global_colors_info=&#8221;{}&#8221;][et_pb_text _builder_version=&#8221;4.16&#8243; _module_preset=&#8221;default&#8221; header_text_align=&#8221;center&#8221; header_text_color=&#8221;#7a0c1c&#8221; header_line_height=&#8221;1.2em&#8221; text_orientation=&#8221;center&#8221; custom_margin=&#8221;||10px||false|false&#8221; header_font_size_tablet=&#8221;44px&#8221; header_font_size_phone=&#8221;28px&#8221; header_font_size_last_edited=&#8221;off|desktop&#8221; global_colors_info=&#8221;{}&#8221;]\n<h1 style=\"font-size: calc(15px + 2.5em);\"><span>Request Your Marathon Application<\/span><\/h1>\n[\/et_pb_text][et_pb_text _builder_version=&#8221;4.24.0&#8243; _module_preset=&#8221;default&#8221; text_text_color=&#8221;#000000&#8243; text_font_size=&#8221;21px&#8221; text_line_height=&#8221;1.5em&#8221; text_orientation=&#8221;center&#8221; max_width=&#8221;800px&#8221; module_alignment=&#8221;center&#8221; custom_padding=&#8221;0px||||false|false&#8221; text_font_size_tablet=&#8221;19px&#8221; text_font_size_phone=&#8221;17px&#8221; text_font_size_last_edited=&#8221;on|phone&#8221; global_colors_info=&#8221;{}&#8221;]\n<p><span style=\"font-size: 21px;\">Interested in running the 2026 TCS New York City Marathon with Team Restore? Fill out the form below, and we\u2019ll follow up with more information.\u00a0<\/span><\/p>\n<p><span style=\"font-size: 21px;\">If you have any questions, feel free to email us at <\/span><a target=\"_blank\" class=\"c-link\" data-stringify-link=\"mailto:marathon@restorenyc.org\" delay=\"150\" data-sk=\"tooltip_parent\" aria-haspopup=\"menu\" href=\"mailto:marathon@restorenyc.org\" rel=\"noopener noreferrer\" style=\"font-size: 21px;\">marathon@restorenyc.org<span aria-label=\"(opens in new tab)\" data-qa=\"opens-in-new-tab\"><\/span><\/a><span style=\"font-size: 21px;\">.<\/span><\/p>\n[\/et_pb_text][et_pb_dcgd_gravity_divi_module dc_dgfcm_form_id=&#8221;7&#8243; dc_dgfcm_show_title=&#8221;off&#8221; dc_dgfcm_show_description=&#8221;off&#8221; dc_dgfcm_enable_ajax=&#8221;on&#8221; _builder_version=&#8221;4.16&#8243; _module_preset=&#8221;default&#8221; form_inputs_background_color=&#8221;RGBA(0,0,0,0)&#8221; form_inputs_text_color=&#8221;#121211&#8243; form_inputs_focus_background_color=&#8221;#deeff0&#8243; form_inputs_focus_text_color=&#8221;#121211&#8243; field_label_text_color=&#8221;#121211&#8243; field_label_font_size=&#8221;18px&#8221; field_sub_label_text_color=&#8221;#121211&#8243; field_description_text_color=&#8221;#121211&#8243; field_required_text_color=&#8221;#7a0c1c&#8221; field_required_font_size=&#8221;17px&#8221; field_instruction_description_text_color=&#8221;#121211&#8243; form_inputs_font_size=&#8221;18px&#8221; max_width=&#8221;800px&#8221; module_alignment=&#8221;center&#8221; custom_padding=&#8221;30px||||false|false&#8221; field_label_font_size_tablet=&#8221;18px&#8221; field_label_font_size_phone=&#8221;16px&#8221; field_label_font_size_last_edited=&#8221;on|phone&#8221; global_colors_info=&#8221;{}&#8221;][\/et_pb_dcgd_gravity_divi_module][\/et_pb_column][\/et_pb_row][\/et_pb_section]","protected":false},"excerpt":{"rendered":"<p>Team RestoreWe are a group of dedicated runners committed to supporting survivors of trafficking. Join us as we #RuntoRestore in the 2026 TCS New York City Marathon to raise funds and spread awareness for the survivors Restore NYC serves. Is this the right opportunity for you?1. By running with us as your Official Charity Partner, [&hellip;]<\/p>","protected":false},"author":9,"featured_media":0,"parent":122,"menu_order":0,"comment_status":"closed","ping_status":"closed","template":"","meta":{"_et_pb_use_builder":"on","_et_pb_old_content":"","_et_gb_content_width":"","_monsterinsights_skip_tracking":false,"_monsterinsights_sitenote_active":false,"_monsterinsights_sitenote_note":"","_monsterinsights_sitenote_category":0,"footnotes":""},"class_list":["post-2058","page","type-page","status-publish","hentry"],"yoast_head":"<!-- This site is optimized with the Yoast SEO plugin v26.8 - https:\/\/yoast.com\/product\/yoast-seo-wordpress\/ -->\n<title>NYC Marathon - Restore NYC<\/title>\n<meta name=\"robots\" content=\"index, follow, max-snippet:-1, max-image-preview:large, max-video-preview:-1\" \/>\n<link rel=\"canonical\" href=\"https:\/\/restorenyc.org\/es\/get-involved\/nyc-marathon\/\" \/>\n<meta property=\"og:locale\" content=\"es_ES\" \/>\n<meta property=\"og:type\" content=\"article\" \/>\n<meta property=\"og:title\" content=\"NYC Marathon - Restore NYC\" \/>\n<meta property=\"og:description\" content=\"Team RestoreWe are a group of dedicated runners committed to supporting survivors of trafficking. Join us as we #RuntoRestore in the 2026 TCS New York City Marathon to raise funds and spread awareness for the survivors Restore NYC serves. Is this the right opportunity for you?1. By running with us as your Official Charity Partner, [&hellip;]\" \/>\n<meta property=\"og:url\" content=\"https:\/\/restorenyc.org\/es\/get-involved\/nyc-marathon\/\" \/>\n<meta property=\"og:site_name\" content=\"Restore NYC\" \/>\n<meta property=\"article:publisher\" content=\"https:\/\/www.facebook.com\/restorenyc\" \/>\n<meta property=\"article:modified_time\" content=\"2026-03-31T18:39:12+00:00\" \/>\n<meta name=\"twitter:card\" content=\"summary_large_image\" \/>\n<meta name=\"twitter:site\" content=\"@restorenyc\" \/>\n<meta name=\"twitter:label1\" content=\"Tiempo de lectura\" \/>\n\t<meta name=\"twitter:data1\" content=\"6 minutos\" \/>\n<script type=\"application\/ld+json\" class=\"yoast-schema-graph\">{\"@context\":\"https:\/\/schema.org\",\"@graph\":[{\"@type\":\"WebPage\",\"@id\":\"https:\/\/restorenyc.org\/get-involved\/nyc-marathon\/\",\"url\":\"https:\/\/restorenyc.org\/get-involved\/nyc-marathon\/\",\"name\":\"NYC Marathon - Restore NYC\",\"isPartOf\":{\"@id\":\"https:\/\/restorenyc.org\/#website\"},\"datePublished\":\"2022-02-28T21:55:19+00:00\",\"dateModified\":\"2026-03-31T18:39:12+00:00\",\"breadcrumb\":{\"@id\":\"https:\/\/restorenyc.org\/get-involved\/nyc-marathon\/#breadcrumb\"},\"inLanguage\":\"es\",\"potentialAction\":[{\"@type\":\"ReadAction\",\"target\":[\"https:\/\/restorenyc.org\/get-involved\/nyc-marathon\/\"]}]},{\"@type\":\"BreadcrumbList\",\"@id\":\"https:\/\/restorenyc.org\/get-involved\/nyc-marathon\/#breadcrumb\",\"itemListElement\":[{\"@type\":\"ListItem\",\"position\":1,\"name\":\"Home\",\"item\":\"https:\/\/restorenyc.org\/\"},{\"@type\":\"ListItem\",\"position\":2,\"name\":\"Get Involved\",\"item\":\"https:\/\/restorenyc.org\/get-involved\/\"},{\"@type\":\"ListItem\",\"position\":3,\"name\":\"NYC Marathon\"}]},{\"@type\":\"WebSite\",\"@id\":\"https:\/\/restorenyc.org\/#website\",\"url\":\"https:\/\/restorenyc.org\/\",\"name\":\"Restore NYC\",\"description\":\"Making freedom real for survivors of trafficking\",\"publisher\":{\"@id\":\"https:\/\/restorenyc.org\/#organization\"},\"potentialAction\":[{\"@type\":\"SearchAction\",\"target\":{\"@type\":\"EntryPoint\",\"urlTemplate\":\"https:\/\/restorenyc.org\/?s={search_term_string}\"},\"query-input\":{\"@type\":\"PropertyValueSpecification\",\"valueRequired\":true,\"valueName\":\"search_term_string\"}}],\"inLanguage\":\"es\"},{\"@type\":\"Organization\",\"@id\":\"https:\/\/restorenyc.org\/#organization\",\"name\":\"Restore NYC\",\"url\":\"https:\/\/restorenyc.org\/\",\"logo\":{\"@type\":\"ImageObject\",\"inLanguage\":\"es\",\"@id\":\"https:\/\/restorenyc.org\/#\/schema\/logo\/image\/\",\"url\":\"https:\/\/restorenyc.org\/wp-content\/uploads\/2021\/11\/restorelogo_dark.svg\",\"contentUrl\":\"https:\/\/restorenyc.org\/wp-content\/uploads\/2021\/11\/restorelogo_dark.svg\",\"width\":\"1024\",\"height\":\"1024\",\"caption\":\"Restore NYC\"},\"image\":{\"@id\":\"https:\/\/restorenyc.org\/#\/schema\/logo\/image\/\"},\"sameAs\":[\"https:\/\/www.facebook.com\/restorenyc\",\"https:\/\/x.com\/restorenyc\",\"https:\/\/www.instagram.com\/restorenyc\/\"]}]}<\/script>\n<!-- \/ Yoast SEO plugin. -->","yoast_head_json":{"title":"NYC Marathon - Restore NYC","robots":{"index":"index","follow":"follow","max-snippet":"max-snippet:-1","max-image-preview":"max-image-preview:large","max-video-preview":"max-video-preview:-1"},"canonical":"https:\/\/restorenyc.org\/es\/get-involved\/nyc-marathon\/","og_locale":"es_ES","og_type":"article","og_title":"NYC Marathon - Restore NYC","og_description":"Team RestoreWe are a group of dedicated runners committed to supporting survivors of trafficking. Join us as we #RuntoRestore in the 2026 TCS New York City Marathon to raise funds and spread awareness for the survivors Restore NYC serves. Is this the right opportunity for you?1. By running with us as your Official Charity Partner, [&hellip;]","og_url":"https:\/\/restorenyc.org\/es\/get-involved\/nyc-marathon\/","og_site_name":"Restore NYC","article_publisher":"https:\/\/www.facebook.com\/restorenyc","article_modified_time":"2026-03-31T18:39:12+00:00","twitter_card":"summary_large_image","twitter_site":"@restorenyc","twitter_misc":{"Tiempo de lectura":"6 minutos"},"schema":{"@context":"https:\/\/schema.org","@graph":[{"@type":"WebPage","@id":"https:\/\/restorenyc.org\/get-involved\/nyc-marathon\/","url":"https:\/\/restorenyc.org\/get-involved\/nyc-marathon\/","name":"NYC Marathon - Restore NYC","isPartOf":{"@id":"https:\/\/restorenyc.org\/#website"},"datePublished":"2022-02-28T21:55:19+00:00","dateModified":"2026-03-31T18:39:12+00:00","breadcrumb":{"@id":"https:\/\/restorenyc.org\/get-involved\/nyc-marathon\/#breadcrumb"},"inLanguage":"es","potentialAction":[{"@type":"ReadAction","target":["https:\/\/restorenyc.org\/get-involved\/nyc-marathon\/"]}]},{"@type":"BreadcrumbList","@id":"https:\/\/restorenyc.org\/get-involved\/nyc-marathon\/#breadcrumb","itemListElement":[{"@type":"ListItem","position":1,"name":"Home","item":"https:\/\/restorenyc.org\/"},{"@type":"ListItem","position":2,"name":"Get Involved","item":"https:\/\/restorenyc.org\/get-involved\/"},{"@type":"ListItem","position":3,"name":"NYC Marathon"}]},{"@type":"WebSite","@id":"https:\/\/restorenyc.org\/#website","url":"https:\/\/restorenyc.org\/","name":"Restaurar Nueva York","description":"Making freedom real for survivors of trafficking","publisher":{"@id":"https:\/\/restorenyc.org\/#organization"},"potentialAction":[{"@type":"SearchAction","target":{"@type":"EntryPoint","urlTemplate":"https:\/\/restorenyc.org\/?s={search_term_string}"},"query-input":{"@type":"PropertyValueSpecification","valueRequired":true,"valueName":"search_term_string"}}],"inLanguage":"es"},{"@type":"Organization","@id":"https:\/\/restorenyc.org\/#organization","name":"Restaurar Nueva York","url":"https:\/\/restorenyc.org\/","logo":{"@type":"ImageObject","inLanguage":"es","@id":"https:\/\/restorenyc.org\/#\/schema\/logo\/image\/","url":"https:\/\/restorenyc.org\/wp-content\/uploads\/2021\/11\/restorelogo_dark.svg","contentUrl":"https:\/\/restorenyc.org\/wp-content\/uploads\/2021\/11\/restorelogo_dark.svg","width":"1024","height":"1024","caption":"Restore NYC"},"image":{"@id":"https:\/\/restorenyc.org\/#\/schema\/logo\/image\/"},"sameAs":["https:\/\/www.facebook.com\/restorenyc","https:\/\/x.com\/restorenyc","https:\/\/www.instagram.com\/restorenyc\/"]}]}},"_links":{"self":[{"href":"https:\/\/restorenyc.org\/es\/wp-json\/wp\/v2\/pages\/2058","targetHints":{"allow":["GET"]}}],"collection":[{"href":"https:\/\/restorenyc.org\/es\/wp-json\/wp\/v2\/pages"}],"about":[{"href":"https:\/\/restorenyc.org\/es\/wp-json\/wp\/v2\/types\/page"}],"author":[{"embeddable":true,"href":"https:\/\/restorenyc.org\/es\/wp-json\/wp\/v2\/users\/9"}],"replies":[{"embeddable":true,"href":"https:\/\/restorenyc.org\/es\/wp-json\/wp\/v2\/comments?post=2058"}],"version-history":[{"count":0,"href":"https:\/\/restorenyc.org\/es\/wp-json\/wp\/v2\/pages\/2058\/revisions"}],"up":[{"embeddable":true,"href":"https:\/\/restorenyc.org\/es\/wp-json\/wp\/v2\/pages\/122"}],"wp:attachment":[{"href":"https:\/\/restorenyc.org\/es\/wp-json\/wp\/v2\/media?parent=2058"}],"curies":[{"name":"wp","href":"https:\/\/api.w.org\/{rel}","templated":true}]}}